{"id":25,"date":"2019-02-17T16:14:01","date_gmt":"2019-02-17T15:14:01","guid":{"rendered":"http:\/\/nathaliemariani.fr\/?page_id=25"},"modified":"2019-04-30T14:50:52","modified_gmt":"2019-04-30T12:50:52","slug":"presentation","status":"publish","type":"page","link":"https:\/\/nathaliemariani.fr\/index.php\/presentation\/","title":{"rendered":"Pr\u00e9sentation"},"content":{"rendered":"<div id=\"pl-25\"  class=\"panel-layout\" ><div id=\"pg-25-0\"  class=\"panel-grid panel-has-style\" ><div class=\"so-parallax siteorigin-panels-stretch panel-row-style panel-row-style-for-25-0\" data-stretch-type=\"full-stretched\" ><img fetchpriority=\"high\" decoding=\"async\" width=\"6740\" height=\"4498\" src=\"https:\/\/nathaliemariani.fr\/wp-content\/uploads\/2019\/04\/11112018-DSC_4426-Modifier.jpg\" class=\"attachment-full size-full\" alt=\"\" data-siteorigin-parallax=\"true\" loading=\"eager\" srcset=\"https:\/\/nathaliemariani.fr\/wp-content\/uploads\/2019\/04\/11112018-DSC_4426-Modifier.jpg 6740w, https:\/\/nathaliemariani.fr\/wp-content\/uploads\/2019\/04\/11112018-DSC_4426-Modifier-300x200.jpg 300w, https:\/\/nathaliemariani.fr\/wp-content\/uploads\/2019\/04\/11112018-DSC_4426-Modifier-768x513.jpg 768w, https:\/\/nathaliemariani.fr\/wp-content\/uploads\/2019\/04\/11112018-DSC_4426-Modifier-1024x683.jpg 1024w, https:\/\/nathaliemariani.fr\/wp-content\/uploads\/2019\/04\/11112018-DSC_4426-Modifier-272x182.jpg 272w\" sizes=\"100vw\" \/><div id=\"pgc-25-0-0\"  class=\"panel-grid-cell\" ><div id=\"panel-25-0-0-0\" class=\"so-panel widget widget_sow-headline panel-first-child panel-last-child\" data-index=\"0\" ><div\n\t\t\t\n\t\t\tclass=\"so-widget-sow-headline so-widget-sow-headline-default-6b52635ceda7-25\"\n\t\t\t\n\t\t><div class=\"sow-headline-container \">\n\t\t\t\t\t\t\t<h1 class=\"sow-headline\">\n\t\t\t\t\t\tLa touche d'un professionnel qui fait toute la diff\u00e9rence...\t\t\t\t\t\t<\/h1>\n\t\t\t\t\t\t<\/div>\n<\/div><\/div><\/div><\/div><\/div><div id=\"pg-25-1\"  class=\"panel-grid panel-has-style\" ><div class=\"siteorigin-panels-stretch panel-row-style panel-row-style-for-25-1\" id=\"services\" data-stretch-type=\"full\" ><div id=\"pgc-25-1-0\"  class=\"panel-grid-cell\" ><div id=\"panel-25-1-0-0\" class=\"so-panel widget widget_sow-editor panel-first-child\" data-index=\"1\" ><div class=\"panel-widget-style panel-widget-style-for-25-1-0-0\" ><div\n\t\t\t\n\t\t\tclass=\"so-widget-sow-editor so-widget-sow-editor-base\"\n\t\t\t\n\t\t>\n<div class=\"siteorigin-widget-tinymce textwidget\">\n\t<div class=\"mt-large\">Pourquoi je suis venue \u00e0 la photo ?<\/div>\n<div>La photo est pour moi un arr\u00eat dans le temps, un souvenir , un t\u00e9moin. C'est la combinaison du pr\u00e9sent, du pass\u00e9 et du futur : c'est un instant pr\u00e9sent emprisonn\u00e9 dans le pass\u00e9 dont n se souviendra dans le futur.<\/div>\n<div>J'aime capturer ces instants pr\u00e9cieux de la vie, la beaut\u00e9 de la nature ou tout simplement un regard, un sourire.<\/div>\n<div class=\"user-content mt\">\n<p>&nbsp;<\/p>\n<p>Chaque reportage est unique et diff\u00e9rent car il vous ressemble, mon r\u00f4le est de saisir l'\u00e9motion qui s'en d\u00e9gage.<\/p>\n<p>Vous souhaitez vendre un produit ou un bien ? Je saurai le mettre en valeur pour optimiser vos ventes.<\/p>\n<\/div>\n<\/div>\n<\/div><\/div><\/div><div id=\"panel-25-1-0-1\" class=\"so-panel widget widget_sow-features panel-last-child\" data-index=\"2\" ><div class=\"panel-widget-style panel-widget-style-for-25-1-0-1\" ><div\n\t\t\t\n\t\t\tclass=\"so-widget-sow-features so-widget-sow-features-default-e45eb7b79e8b-25\"\n\t\t\t\n\t\t>\n<div class=\"sow-features-list sow-features-responsive\">\n\n\t\t\t\t\t\t\t\t\t<div\n\t\t\t\tclass=\"sow-features-feature sow-icon-container-position-top\"\n\t\t\t\tstyle=\"display: flex; flex-direction: column; width: calc(33.333% - 25px);\"\n\t\t\t>\n\t\t\t\n\t\t\t\t\t\t\t\t<div\n\t\t\t\t\tclass=\"sow-icon-container sow-container-none\"\n\t\t\t\t\tstyle=\"color: #020202; \"\n\t\t\t\t\t\t\t\t\t>\n\t\t\t\t\t<span class=\"sow-icon-elegantline\" data-sow-icon=\"&#xe04a;\"\n\t\tstyle=\"font-size: 50px; color: #020202\" \n\t\taria-hidden=\"true\"><\/span>\t\t\t\t<\/div>\n\t\t\t\t\n\t\t\t\t<div class=\"textwidget\">\n\t\t\t\t\t\n\t\t\t\t\t\t\t\t\t\t\t<h5>\n\t\t\t\t\t\t\t\n\t\t\t\t\t\t\tMariage\t\t\t\t\t\t\t\t\t\t\t\t\t<\/h5>\n\t\t\t\t\t\n\t\t\t\t\t\t\t\t\t\t\t<p><span style=\"color: #000000\">Pour \u00e9terniser ces moments \u00e9ph\u00e9m\u00e8res et magiques, je r\u00e9alise le reportage complet ou partiel de votre mariage.<\/span><\/p>\n\t\t\t\t\t\n\t\t\t\t\t\t\t\t\t<\/div>\n\t\t\t\t\t\t\t\t\n\t\t\t\t\t\t\t<\/div>\n\n\t\t\t\t\t\t\t\t<div\n\t\t\t\tclass=\"sow-features-feature sow-icon-container-position-top\"\n\t\t\t\tstyle=\"display: flex; flex-direction: column; width: calc(33.333% - 25px);\"\n\t\t\t>\n\t\t\t\n\t\t\t\t\t\t\t\t<div\n\t\t\t\t\tclass=\"sow-icon-container sow-container-none\"\n\t\t\t\t\tstyle=\"color: #000000; \"\n\t\t\t\t\t\t\t\t\t>\n\t\t\t\t\t<span class=\"sow-icon-elegantline\" data-sow-icon=\"&#xe05b;\"\n\t\tstyle=\"font-size: 50px; color: #020202\" \n\t\taria-hidden=\"true\"><\/span>\t\t\t\t<\/div>\n\t\t\t\t\n\t\t\t\t<div class=\"textwidget\">\n\t\t\t\t\t\n\t\t\t\t\t\t\t\t\t\t\t<h5>\n\t\t\t\t\t\t\t\n\t\t\t\t\t\t\tPortrait\t\t\t\t\t\t\t\t\t\t\t\t\t<\/h5>\n\t\t\t\t\t\n\t\t\t\t\t\t\t\t\t\t\t<p>Photos de famille, de grossesse, de nourrisson ou de vous tout simplement. Vous voir au travers d'un autre regard.<\/p>\n\t\t\t\t\t\n\t\t\t\t\t\t\t\t\t<\/div>\n\t\t\t\t\t\t\t\t\n\t\t\t\t\t\t\t<\/div>\n\n\t\t\t\t\t\t\t\t<div\n\t\t\t\tclass=\"sow-features-feature sow-icon-container-position-top\"\n\t\t\t\tstyle=\"display: flex; flex-direction: column; width: calc(33.333% - 25px);\"\n\t\t\t>\n\t\t\t\n\t\t\t\t\t\t\t\t<div\n\t\t\t\t\tclass=\"sow-icon-container sow-container-none\"\n\t\t\t\t\tstyle=\"color: #020202; \"\n\t\t\t\t\t\t\t\t\t>\n\t\t\t\t\t<span class=\"sow-icon-elegantline\" data-sow-icon=\"&#xe021;\"\n\t\tstyle=\"font-size: 50px; color: #020202\" \n\t\taria-hidden=\"true\"><\/span>\t\t\t\t<\/div>\n\t\t\t\t\n\t\t\t\t<div class=\"textwidget\">\n\t\t\t\t\t\n\t\t\t\t\t\t\t\t\t\t\t<h5>\n\t\t\t\t\t\t\t\n\t\t\t\t\t\t\t\u00c9v\u00e9nement\t\t\t\t\t\t\t\t\t\t\t\t\t<\/h5>\n\t\t\t\t\t\n\t\t\t\t\t\t\t\t\t\t\t<p>R\u00e9alisation sur mesure de prestations suivant vos besoins : anniversaire, bapt\u00eame, enterrement de vie de jeune fille, reportage \u00e9v\u00e9nementiel, etc.<\/p>\n\t\t\t\t\t\n\t\t\t\t\t\t\t\t\t<\/div>\n\t\t\t\t\t\t\t\t\n\t\t\t\t\t\t\t<\/div>\n\n\t\t\t\t\t\t\t\t<div\n\t\t\t\tclass=\"sow-features-feature sow-icon-container-position-top\"\n\t\t\t\tstyle=\"display: flex; flex-direction: column; width: calc(33.333% - 25px);\"\n\t\t\t>\n\t\t\t\n\t\t\t\t\t\t\t\t<div\n\t\t\t\t\tclass=\"sow-icon-container sow-container-none\"\n\t\t\t\t\tstyle=\"color: #020202; \"\n\t\t\t\t\t\t\t\t\t>\n\t\t\t\t\t<span class=\"sow-icon-elegantline\" data-sow-icon=\"&#xe026;\"\n\t\tstyle=\"font-size: 50px; color: #020202\" \n\t\taria-hidden=\"true\"><\/span>\t\t\t\t<\/div>\n\t\t\t\t\n\t\t\t\t<div class=\"textwidget\">\n\t\t\t\t\t\n\t\t\t\t\t\t\t\t\t\t\t<h5>\n\t\t\t\t\t\t\t\n\t\t\t\t\t\t\tPhoto scolaire\t\t\t\t\t\t\t\t\t\t\t\t\t<\/h5>\n\t\t\t\t\t\n\t\t\t\t\t\t\t\t\t\t\t<p>R\u00e9alisation de vos photos de classe, portraits individuels, photos de carnaval, f\u00eate de l'\u00e9cole ou tout autre \u00e9v\u00e9nement au sein de l'\u00e9cole.<\/p>\n\t\t\t\t\t\n\t\t\t\t\t\t\t\t\t<\/div>\n\t\t\t\t\t\t\t\t\n\t\t\t\t\t\t\t<\/div>\n\n\t\t\t\t\t\t\t\t<div\n\t\t\t\tclass=\"sow-features-feature sow-icon-container-position-top\"\n\t\t\t\tstyle=\"display: flex; flex-direction: column; width: calc(33.333% - 25px);\"\n\t\t\t>\n\t\t\t\n\t\t\t\t\t\t\t\t<div\n\t\t\t\t\tclass=\"sow-icon-container sow-container-none\"\n\t\t\t\t\tstyle=\"color: #ffffff; \"\n\t\t\t\t\ttitle=\"Photo immobili\u00e8re\"\t\t\t\t>\n\t\t\t\t\t<span class=\"sow-icon-elegantline\" data-sow-icon=\"&#xe02c;\"\n\t\tstyle=\"font-size: 50px; color: #020202\" \n\t\taria-hidden=\"true\"><\/span>\t\t\t\t<\/div>\n\t\t\t\t\n\t\t\t\t<div class=\"textwidget\">\n\t\t\t\t\t\n\t\t\t\t\t\t\t\t\t\t\t<h5>\n\t\t\t\t\t\t\t\n\t\t\t\t\t\t\tPhoto immobili\u00e8re\t\t\t\t\t\t\t\t\t\t\t\t\t<\/h5>\n\t\t\t\t\t\n\t\t\t\t\t\t\t\t\t\t\t<p>Pour mettre en valeur vos maisons et appartements et optimiser leurs ventes ou locations futures.<\/p>\n\t\t\t\t\t\n\t\t\t\t\t\t\t\t\t<\/div>\n\t\t\t\t\t\t\t\t\n\t\t\t\t\t\t\t<\/div>\n\n\t\t\t\t\t\t\t\t<div\n\t\t\t\tclass=\"sow-features-feature sow-icon-container-position-top\"\n\t\t\t\tstyle=\"display: flex; flex-direction: column; width: calc(33.333% - 25px);\"\n\t\t\t>\n\t\t\t\n\t\t\t\t\t\t\t\t<div\n\t\t\t\t\tclass=\"sow-icon-container sow-container-none\"\n\t\t\t\t\tstyle=\"color: #ffffff; \"\n\t\t\t\t\ttitle=\"Packshot photo\"\t\t\t\t>\n\t\t\t\t\t<span class=\"sow-icon-elegantline\" data-sow-icon=\"&#xe012;\"\n\t\tstyle=\"font-size: 50px; color: #020202\" \n\t\taria-hidden=\"true\"><\/span>\t\t\t\t<\/div>\n\t\t\t\t\n\t\t\t\t<div class=\"textwidget\">\n\t\t\t\t\t\n\t\t\t\t\t\t\t\t\t\t\t<h5>\n\t\t\t\t\t\t\t\n\t\t\t\t\t\t\tPackshot photo\t\t\t\t\t\t\t\t\t\t\t\t\t<\/h5>\n\t\t\t\t\t\n\t\t\t\t\t\t\t\t\t\t\t<p>Pour valoriser vos produits pour la vente publicitaire (site internet, r\u00e9seaux sociaux, catalogue ...)<\/p>\n\t\t\t\t\t\n\t\t\t\t\t\t\t\t\t<\/div>\n\t\t\t\t\t\t\t\t\n\t\t\t\t\t\t\t<\/div>\n\n\t\t\t\n<\/div>\n<\/div><\/div><\/div><\/div><\/div><\/div><\/div>","protected":false},"excerpt":{"rendered":"<p>Pourquoi je suis venue \u00e0 la photo ? La photo est pour moi un arr\u00eat dans le temps, un souvenir , un t\u00e9moin. C&rsquo;est la combinaison du pr\u00e9sent, du pass\u00e9 et du futur : c&rsquo;est un instant pr\u00e9sent emprisonn\u00e9 dans le pass\u00e9 dont n se souviendra dans le futur. J&rsquo;aime capturer ces instants pr\u00e9cieux de &hellip; <\/p>\n<p class=\"link-more\"><a href=\"https:\/\/nathaliemariani.fr\/index.php\/presentation\/\" class=\"more-link\">Continuer la lecture<span class=\"screen-reader-text\"> de &laquo;&nbsp;Pr\u00e9sentation&nbsp;&raquo;<\/span><\/a><\/p>\n","protected":false},"author":1,"featured_media":0,"parent":0,"menu_order":0,"comment_status":"closed","ping_status":"closed","template":"","meta":{"_mi_skip_tracking":false,"footnotes":""},"yoast_head":"<!-- This site is optimized with the Yoast SEO plugin v18.5.1 - https:\/\/yoast.com\/wordpress\/plugins\/seo\/ -->\n<title>Pr\u00e9sentation - Nathalie Mariani<\/title>\n<meta name=\"description\" content=\"Photographe professionnelle en Provence, bas\u00e9e sur Avignon (Vaucluse 84), je r\u00e9alise vos reportages mariage, book, portraits de famille, maternit\u00e9, naissance, photo scolaire, immobili\u00e8re et \u00e9v\u00e9nementielle dans un atmosph\u00e8re complice et d\u00e9tendue.\" \/>\n<meta name=\"robots\" content=\"index, follow, max-snippet:-1, max-image-preview:large, max-video-preview:-1\" \/>\n<link rel=\"canonical\" href=\"https:\/\/nathaliemariani.fr\/index.php\/presentation\/\" \/>\n<meta property=\"og:locale\" content=\"fr_FR\" \/>\n<meta property=\"og:type\" content=\"article\" \/>\n<meta property=\"og:title\" content=\"Pr\u00e9sentation - Nathalie Mariani\" \/>\n<meta property=\"og:description\" content=\"Photographe professionnelle en Provence, bas\u00e9e sur Avignon (Vaucluse 84), je r\u00e9alise vos reportages mariage, book, portraits de famille, maternit\u00e9, naissance, photo scolaire, immobili\u00e8re et \u00e9v\u00e9nementielle dans un atmosph\u00e8re complice et d\u00e9tendue.\" \/>\n<meta property=\"og:url\" content=\"https:\/\/nathaliemariani.fr\/index.php\/presentation\/\" \/>\n<meta property=\"og:site_name\" content=\"Nathalie Mariani\" \/>\n<meta property=\"article:modified_time\" content=\"2019-04-30T12:50:52+00:00\" \/>\n<meta name=\"twitter:card\" content=\"summary_large_image\" \/>\n<meta name=\"twitter:label1\" content=\"Dur\u00e9e de lecture estim\u00e9e\" \/>\n\t<meta name=\"twitter:data1\" content=\"1 minute\" \/>\n<script type=\"application\/ld+json\" class=\"yoast-schema-graph\">{\"@context\":\"https:\/\/schema.org\",\"@graph\":[{\"@type\":\"WebSite\",\"@id\":\"https:\/\/nathaliemariani.fr\/#website\",\"url\":\"https:\/\/nathaliemariani.fr\/\",\"name\":\"Nathalie Mariani\",\"description\":\"PHOTOGRAPHE\",\"potentialAction\":[{\"@type\":\"SearchAction\",\"target\":{\"@type\":\"EntryPoint\",\"urlTemplate\":\"https:\/\/nathaliemariani.fr\/?s={search_term_string}\"},\"query-input\":\"required name=search_term_string\"}],\"inLanguage\":\"fr-FR\"},{\"@type\":\"WebPage\",\"@id\":\"https:\/\/nathaliemariani.fr\/index.php\/presentation\/#webpage\",\"url\":\"https:\/\/nathaliemariani.fr\/index.php\/presentation\/\",\"name\":\"Pr\u00e9sentation - Nathalie Mariani\",\"isPartOf\":{\"@id\":\"https:\/\/nathaliemariani.fr\/#website\"},\"datePublished\":\"2019-02-17T15:14:01+00:00\",\"dateModified\":\"2019-04-30T12:50:52+00:00\",\"description\":\"Photographe professionnelle en Provence, bas\u00e9e sur Avignon (Vaucluse 84), je r\u00e9alise vos reportages mariage, book, portraits de famille, maternit\u00e9, naissance, photo scolaire, immobili\u00e8re et \u00e9v\u00e9nementielle dans un atmosph\u00e8re complice et d\u00e9tendue.\",\"breadcrumb\":{\"@id\":\"https:\/\/nathaliemariani.fr\/index.php\/presentation\/#breadcrumb\"},\"inLanguage\":\"fr-FR\",\"potentialAction\":[{\"@type\":\"ReadAction\",\"target\":[\"https:\/\/nathaliemariani.fr\/index.php\/presentation\/\"]}]},{\"@type\":\"BreadcrumbList\",\"@id\":\"https:\/\/nathaliemariani.fr\/index.php\/presentation\/#breadcrumb\",\"itemListElement\":[{\"@type\":\"ListItem\",\"position\":1,\"name\":\"Accueil\",\"item\":\"https:\/\/nathaliemariani.fr\/\"},{\"@type\":\"ListItem\",\"position\":2,\"name\":\"Pr\u00e9sentation\"}]}]}<\/script>\n<!-- \/ Yoast SEO plugin. -->","yoast_head_json":{"title":"Pr\u00e9sentation - Nathalie Mariani","description":"Photographe professionnelle en Provence, bas\u00e9e sur Avignon (Vaucluse 84), je r\u00e9alise vos reportages mariage, book, portraits de famille, maternit\u00e9, naissance, photo scolaire, immobili\u00e8re et \u00e9v\u00e9nementielle dans un atmosph\u00e8re complice et d\u00e9tendue.","robots":{"index":"index","follow":"follow","max-snippet":"max-snippet:-1","max-image-preview":"max-image-preview:large","max-video-preview":"max-video-preview:-1"},"canonical":"https:\/\/nathaliemariani.fr\/index.php\/presentation\/","og_locale":"fr_FR","og_type":"article","og_title":"Pr\u00e9sentation - Nathalie Mariani","og_description":"Photographe professionnelle en Provence, bas\u00e9e sur Avignon (Vaucluse 84), je r\u00e9alise vos reportages mariage, book, portraits de famille, maternit\u00e9, naissance, photo scolaire, immobili\u00e8re et \u00e9v\u00e9nementielle dans un atmosph\u00e8re complice et d\u00e9tendue.","og_url":"https:\/\/nathaliemariani.fr\/index.php\/presentation\/","og_site_name":"Nathalie Mariani","article_modified_time":"2019-04-30T12:50:52+00:00","twitter_card":"summary_large_image","twitter_misc":{"Dur\u00e9e de lecture estim\u00e9e":"1 minute"},"schema":{"@context":"https:\/\/schema.org","@graph":[{"@type":"WebSite","@id":"https:\/\/nathaliemariani.fr\/#website","url":"https:\/\/nathaliemariani.fr\/","name":"Nathalie Mariani","description":"PHOTOGRAPHE","potentialAction":[{"@type":"SearchAction","target":{"@type":"EntryPoint","urlTemplate":"https:\/\/nathaliemariani.fr\/?s={search_term_string}"},"query-input":"required name=search_term_string"}],"inLanguage":"fr-FR"},{"@type":"WebPage","@id":"https:\/\/nathaliemariani.fr\/index.php\/presentation\/#webpage","url":"https:\/\/nathaliemariani.fr\/index.php\/presentation\/","name":"Pr\u00e9sentation - Nathalie Mariani","isPartOf":{"@id":"https:\/\/nathaliemariani.fr\/#website"},"datePublished":"2019-02-17T15:14:01+00:00","dateModified":"2019-04-30T12:50:52+00:00","description":"Photographe professionnelle en Provence, bas\u00e9e sur Avignon (Vaucluse 84), je r\u00e9alise vos reportages mariage, book, portraits de famille, maternit\u00e9, naissance, photo scolaire, immobili\u00e8re et \u00e9v\u00e9nementielle dans un atmosph\u00e8re complice et d\u00e9tendue.","breadcrumb":{"@id":"https:\/\/nathaliemariani.fr\/index.php\/presentation\/#breadcrumb"},"inLanguage":"fr-FR","potentialAction":[{"@type":"ReadAction","target":["https:\/\/nathaliemariani.fr\/index.php\/presentation\/"]}]},{"@type":"BreadcrumbList","@id":"https:\/\/nathaliemariani.fr\/index.php\/presentation\/#breadcrumb","itemListElement":[{"@type":"ListItem","position":1,"name":"Accueil","item":"https:\/\/nathaliemariani.fr\/"},{"@type":"ListItem","position":2,"name":"Pr\u00e9sentation"}]}]}},"_links":{"self":[{"href":"https:\/\/nathaliemariani.fr\/index.php\/wp-json\/wp\/v2\/pages\/25"}],"collection":[{"href":"https:\/\/nathaliemariani.fr\/index.php\/wp-json\/wp\/v2\/pages"}],"about":[{"href":"https:\/\/nathaliemariani.fr\/index.php\/wp-json\/wp\/v2\/types\/page"}],"author":[{"embeddable":true,"href":"https:\/\/nathaliemariani.fr\/index.php\/wp-json\/wp\/v2\/users\/1"}],"replies":[{"embeddable":true,"href":"https:\/\/nathaliemariani.fr\/index.php\/wp-json\/wp\/v2\/comments?post=25"}],"version-history":[{"count":90,"href":"https:\/\/nathaliemariani.fr\/index.php\/wp-json\/wp\/v2\/pages\/25\/revisions"}],"predecessor-version":[{"id":813,"href":"https:\/\/nathaliemariani.fr\/index.php\/wp-json\/wp\/v2\/pages\/25\/revisions\/813"}],"wp:attachment":[{"href":"https:\/\/nathaliemariani.fr\/index.php\/wp-json\/wp\/v2\/media?parent=25"}],"curies":[{"name":"wp","href":"https:\/\/api.w.org\/{rel}","templated":true}]}}